{"id":1560,"date":"2020-10-15T08:45:51","date_gmt":"2020-10-15T08:45:51","guid":{"rendered":"https:\/\/www.julcarherrajes.com\/?page_id=1560"},"modified":"2021-01-27T14:34:35","modified_gmt":"2021-01-27T14:34:35","slug":"marches","status":"publish","type":"page","link":"https:\/\/www.julcarherrajes.com\/fr\/marches\/","title":{"rendered":"March\u00e9s"},"content":{"rendered":"\t\t<div data-elementor-type=\"wp-post\" data-elementor-id=\"1560\" class=\"elementor elementor-1560 elementor-441\">\n\t\t\t\t\t\t<section class=\"elementor-section elementor-top-section elementor-element elementor-element-1b5d768b elementor-section-content-middle elementor-section-boxed elementor-section-height-default elementor-section-height-default\" data-id=\"1b5d768b\" data-element_type=\"section\" data-e-type=\"section\" data-settings=\"{&quot;background_background&quot;:&quot;classic&quot;}\">\n\t\t\t\t\t\t\t<div class=\"elementor-background-overlay\"><\/div>\n\t\t\t\t\t\t\t<div class=\"elementor-container elementor-column-gap-no\">\n\t\t\t\t\t<div class=\"elementor-column elementor-col-100 elementor-top-column elementor-element elementor-element-1608c15b\" data-id=\"1608c15b\" data-element_type=\"column\" data-e-type=\"column\">\n\t\t\t<div class=\"elementor-widget-wrap elementor-element-populated\">\n\t\t\t\t\t\t<div class=\"elementor-element elementor-element-321a34b8 animated-slow elementor-invisible elementor-widget elementor-widget-heading\" data-id=\"321a34b8\" data-element_type=\"widget\" data-e-type=\"widget\" data-settings=\"{&quot;_animation&quot;:&quot;slideInDown&quot;}\" data-widget_type=\"heading.default\">\n\t\t\t\t<div class=\"elementor-widget-container\">\n\t\t\t\t\t<h1 class=\"elementor-heading-title elementor-size-default\">March\u00e9s<\/h1>\t\t\t\t<\/div>\n\t\t\t\t<\/div>\n\t\t\t\t\t<\/div>\n\t\t<\/div>\n\t\t\t\t\t<\/div>\n\t\t<\/section>\n\t\t\t\t<section class=\"elementor-section elementor-top-section elementor-element elementor-element-54dfedde elementor-section-content-top elementor-section-boxed elementor-section-height-default elementor-section-height-default\" data-id=\"54dfedde\" data-element_type=\"section\" data-e-type=\"section\">\n\t\t\t\t\t\t<div class=\"elementor-container elementor-column-gap-no\">\n\t\t\t\t\t<div class=\"elementor-column elementor-col-50 elementor-top-column elementor-element elementor-element-3b5232b7\" data-id=\"3b5232b7\" data-element_type=\"column\" data-e-type=\"column\">\n\t\t\t<div class=\"elementor-widget-wrap elementor-element-populated\">\n\t\t\t\t\t\t<div class=\"elementor-element elementor-element-3f123748 animated-slow elementor-invisible elementor-widget elementor-widget-heading\" data-id=\"3f123748\" data-element_type=\"widget\" data-e-type=\"widget\" data-settings=\"{&quot;_animation&quot;:&quot;fadeInLeft&quot;,&quot;_animation_delay&quot;:1000}\" data-widget_type=\"heading.default\">\n\t\t\t\t<div class=\"elementor-widget-container\">\n\t\t\t\t\t<h4 class=\"elementor-heading-title elementor-size-default\">Sur les march\u00e9s les plus exigeants<\/h4>\t\t\t\t<\/div>\n\t\t\t\t<\/div>\n\t\t\t\t<div class=\"elementor-element elementor-element-ac1409d animated-slow elementor-invisible elementor-widget elementor-widget-heading\" data-id=\"ac1409d\" data-element_type=\"widget\" data-e-type=\"widget\" data-settings=\"{&quot;_animation&quot;:&quot;fadeInUp&quot;}\" data-widget_type=\"heading.default\">\n\t\t\t\t<div class=\"elementor-widget-container\">\n\t\t\t\t\t<h2 class=\"elementor-heading-title elementor-size-default\">Nous sommes leaders dans la fabrication de pi\u00e8ces de 2 grs \u00e0 2,5 kgs.<\/h2>\t\t\t\t<\/div>\n\t\t\t\t<\/div>\n\t\t\t\t\t<\/div>\n\t\t<\/div>\n\t\t\t\t<div class=\"elementor-column elementor-col-50 elementor-top-column elementor-element elementor-element-3cf1fd6 animated-slow elementor-invisible\" data-id=\"3cf1fd6\" data-element_type=\"column\" data-e-type=\"column\" data-settings=\"{&quot;animation&quot;:&quot;fadeInUp&quot;}\">\n\t\t\t<div class=\"elementor-widget-wrap elementor-element-populated\">\n\t\t\t\t\t\t<div class=\"elementor-element elementor-element-8f14f19 elementor-widget elementor-widget-heading\" data-id=\"8f14f19\" data-element_type=\"widget\" data-e-type=\"widget\" data-widget_type=\"heading.default\">\n\t\t\t\t<div class=\"elementor-widget-container\">\n\t\t\t\t\t<h3 class=\"elementor-heading-title elementor-size-default\">JULCAR HERRAJES a d\u00e9but\u00e9 en l'an 2000, lorsque la vision du fondateur de l'entreprise et de son d\u00e9partement commercial l'a amen\u00e9 \u00e0 voir un secteur d'activit\u00e9 qui pourrait \u00eatre rentable, en accord avec la croissance du secteur de la construction que connaissait l'Espagne \u00e0 cette \u00e9poque.<\/h3>\t\t\t\t<\/div>\n\t\t\t\t<\/div>\n\t\t\t\t<div class=\"elementor-element elementor-element-48d89661 elementor-widget elementor-widget-text-editor\" data-id=\"48d89661\" data-element_type=\"widget\" data-e-type=\"widget\" data-widget_type=\"text-editor.default\">\n\t\t\t\t<div class=\"elementor-widget-container\">\n\t\t\t\t\t\t\t\t\t<p>Les d\u00e9buts sont difficiles. Il est n\u00e9cessaire de cr\u00e9er une marque dans un secteur tr\u00e8s atomis\u00e9, et de cr\u00e9er un catalogue coh\u00e9rent de produits sur lequel fonder la commercialisation et la cr\u00e9ation future du r\u00e9seau de distribution.<\/p>\n\t\t\t\t\t\t\t\t<\/div>\n\t\t\t\t<\/div>\n\t\t\t\t<div class=\"elementor-element elementor-element-46a61cc4 elementor-widget elementor-widget-text-editor\" data-id=\"46a61cc4\" data-element_type=\"widget\" data-e-type=\"widget\" data-widget_type=\"text-editor.default\">\n\t\t\t\t<div class=\"elementor-widget-container\">\n\t\t\t\t\t\t\t\t\t<p>Au cours des premi\u00e8res ann\u00e9es de vie du projet, d&rsquo;importants investissements ont \u00e9t\u00e9 r\u00e9alis\u00e9s dans les moules, les catalogues, la R&#038;D, les tests de produits, les certifications de qualit\u00e9, etc.<\/p>\n\t\t\t\t\t\t\t\t<\/div>\n\t\t\t\t<\/div>\n\t\t\t\t\t<\/div>\n\t\t<\/div>\n\t\t\t\t\t<\/div>\n\t\t<\/section>\n\t\t\t\t<section class=\"elementor-section elementor-top-section elementor-element elementor-element-ebfc0ce elementor-section-height-min-height elementor-section-boxed elementor-section-height-default elementor-section-items-middle\" data-id=\"ebfc0ce\" data-element_type=\"section\" data-e-type=\"section\" data-settings=\"{&quot;background_background&quot;:&quot;classic&quot;}\">\n\t\t\t\t\t\t<div class=\"elementor-container elementor-column-gap-default\">\n\t\t\t\t\t<div class=\"elementor-column elementor-col-100 elementor-top-column elementor-element elementor-element-c14689f\" data-id=\"c14689f\" data-element_type=\"column\" data-e-type=\"column\" data-settings=\"{&quot;background_background&quot;:&quot;classic&quot;}\">\n\t\t\t<div class=\"elementor-widget-wrap\">\n\t\t\t\t\t\t\t<\/div>\n\t\t<\/div>\n\t\t\t\t\t<\/div>\n\t\t<\/section>\n\t\t\t\t<section class=\"elementor-section elementor-top-section elementor-element elementor-element-244e2bf elementor-section-content-middle elementor-section-boxed elementor-section-height-default elementor-section-height-default\" data-id=\"244e2bf\" data-element_type=\"section\" data-e-type=\"section\">\n\t\t\t\t\t\t<div class=\"elementor-container elementor-column-gap-no\">\n\t\t\t\t\t<div class=\"elementor-column elementor-col-50 elementor-top-column elementor-element elementor-element-4ae63e9 animated-slow elementor-invisible\" data-id=\"4ae63e9\" data-element_type=\"column\" data-e-type=\"column\" data-settings=\"{&quot;background_background&quot;:&quot;classic&quot;,&quot;animation&quot;:&quot;fadeInLeft&quot;}\">\n\t\t\t<div class=\"elementor-widget-wrap elementor-element-populated\">\n\t\t\t\t\t<div class=\"elementor-background-overlay\"><\/div>\n\t\t\t\t\t\t<div class=\"elementor-element elementor-element-b0b0fdf elementor-widget elementor-widget-text-editor\" data-id=\"b0b0fdf\" data-element_type=\"widget\" data-e-type=\"widget\" data-widget_type=\"text-editor.default\">\n\t\t\t\t<div class=\"elementor-widget-container\">\n\t\t\t\t\t\t\t\t\t<p><strong>Une fois ce processus difficile lanc\u00e9, sur ce germe initial, le nombre de r\u00e9f\u00e9rences a \u00e9t\u00e9 augment\u00e9, de nouveaux produits ont \u00e9t\u00e9 incorpor\u00e9s et certains produits ont \u00e9t\u00e9 \u00e9limin\u00e9s, tout cela afin de s&rsquo;adapter aux besoins du march\u00e9.<\/strong><\/p><p>En m\u00eame temps que nous consolidons notre pr\u00e9sence sur le march\u00e9 espagnol, nous augmentons notre part sur les march\u00e9s internationaux, en participant \u00e0 des foires internationales et en \u00e9tablissant des accords avec de nouveaux distributeurs de nos produits sur certains <span style=\"text-decoration: underline;\"><strong>des principaux march\u00e9s mondiaux : le Maroc, la Tunisie, l&rsquo;Alg\u00e9rie, le Mexique, la Bolivie, le P\u00e9rou, Cuba, etc<\/strong><\/span>. sont quelques-uns des pays o\u00f9 vous pouvez trouver nos produits.<\/p>\t\t\t\t\t\t\t\t<\/div>\n\t\t\t\t<\/div>\n\t\t\t\t<div class=\"elementor-element elementor-element-df3f87b animated-slow elementor-invisible elementor-widget elementor-widget-image\" data-id=\"df3f87b\" data-element_type=\"widget\" data-e-type=\"widget\" data-settings=\"{&quot;_animation&quot;:&quot;zoomIn&quot;}\" data-widget_type=\"image.default\">\n\t\t\t\t<div class=\"elementor-widget-container\">\n\t\t\t\t\t\t\t\t\t\t\t\t\t\t\t<img decoding=\"async\" width=\"300\" height=\"54\" src=\"https:\/\/www.julcarherrajes.com\/wp-content\/uploads\/2020\/10\/logo-herrajes-grande-300x54.png\" class=\"attachment-medium size-medium wp-image-461\" alt=\"julcar herrajes\" srcset=\"https:\/\/www.julcarherrajes.com\/wp-content\/uploads\/2020\/10\/logo-herrajes-grande-300x54.png 300w, https:\/\/www.julcarherrajes.com\/wp-content\/uploads\/2020\/10\/logo-herrajes-grande-250x45.png 250w, https:\/\/www.julcarherrajes.com\/wp-content\/uploads\/2020\/10\/logo-herrajes-grande.png 594w\" sizes=\"(max-width: 300px) 100vw, 300px\" \/>\t\t\t\t\t\t\t\t\t\t\t\t\t\t\t<\/div>\n\t\t\t\t<\/div>\n\t\t\t\t<div class=\"elementor-element elementor-element-e2c6bca elementor-widget elementor-widget-text-editor\" data-id=\"e2c6bca\" data-element_type=\"widget\" data-e-type=\"widget\" data-settings=\"{&quot;_animation&quot;:&quot;none&quot;}\" data-widget_type=\"text-editor.default\">\n\t\t\t\t<div class=\"elementor-widget-container\">\n\t\t\t\t\t\t\t\t\t<p>N&rsquo;h\u00e9sitez pas \u00e0 nous contacter pour de plus amples informations, <strong>nous sommes toujours \u00e0 la recherche de distributeurs pour nos produits, et de clients qui peuvent demander les produits directement<\/strong> car nous n&rsquo;avons pas encore de distributeur sur votre march\u00e9. Nous nous ferons un plaisir de vous aider.<\/p>\t\t\t\t\t\t\t\t<\/div>\n\t\t\t\t<\/div>\n\t\t\t\t\t<\/div>\n\t\t<\/div>\n\t\t\t\t<div class=\"elementor-column elementor-col-50 elementor-top-column elementor-element elementor-element-0d37492\" data-id=\"0d37492\" data-element_type=\"column\" data-e-type=\"column\">\n\t\t\t<div class=\"elementor-widget-wrap elementor-element-populated\">\n\t\t\t\t\t\t<div class=\"elementor-element elementor-element-c5a8fba elementor-widget elementor-widget-image\" data-id=\"c5a8fba\" data-element_type=\"widget\" data-e-type=\"widget\" data-widget_type=\"image.default\">\n\t\t\t\t<div class=\"elementor-widget-container\">\n\t\t\t\t\t\t\t\t\t\t\t\t\t\t\t<img decoding=\"async\" src=\"https:\/\/www.julcarherrajes.com\/wp-content\/uploads\/elementor\/thumbs\/catjulcar-25-owm3hfuz8e7tfm33n4igby44tdd18667u6pxd9cxf8.jpg\" title=\"catjulcar-25\" alt=\"catjulcar-25\" loading=\"lazy\" \/>\t\t\t\t\t\t\t\t\t\t\t\t\t\t\t<\/div>\n\t\t\t\t<\/div>\n\t\t\t\t\t<\/div>\n\t\t<\/div>\n\t\t\t\t\t<\/div>\n\t\t<\/section>\n\t\t\t\t<section class=\"elementor-section elementor-top-section elementor-element elementor-element-187f1669 elementor-section-boxed elementor-section-height-default elementor-section-height-default\" data-id=\"187f1669\" data-element_type=\"section\" data-e-type=\"section\" data-settings=\"{&quot;background_background&quot;:&quot;classic&quot;}\">\n\t\t\t\t\t\t<div class=\"elementor-container elementor-column-gap-default\">\n\t\t\t\t\t<div class=\"elementor-column elementor-col-25 elementor-top-column elementor-element elementor-element-1cee7c30\" data-id=\"1cee7c30\" data-element_type=\"column\" data-e-type=\"column\">\n\t\t\t<div class=\"elementor-widget-wrap\">\n\t\t\t\t\t\t\t<\/div>\n\t\t<\/div>\n\t\t\t\t<div class=\"elementor-column elementor-col-25 elementor-top-column elementor-element elementor-element-38533178 elementor-invisible\" data-id=\"38533178\" data-element_type=\"column\" data-e-type=\"column\" data-settings=\"{&quot;animation&quot;:&quot;slideInDown&quot;}\">\n\t\t\t<div class=\"elementor-widget-wrap elementor-element-populated\">\n\t\t\t\t\t\t<div class=\"elementor-element elementor-element-6b858d7 elementor-widget elementor-widget-heading\" data-id=\"6b858d7\" data-element_type=\"widget\" data-e-type=\"widget\" data-widget_type=\"heading.default\">\n\t\t\t\t<div class=\"elementor-widget-container\">\n\t\t\t\t\t<h3 class=\"elementor-heading-title elementor-size-default\">Pour nous contacter, vous pouvez utiliser notre formulaire de contact <\/h3>\t\t\t\t<\/div>\n\t\t\t\t<\/div>\n\t\t\t\t\t<\/div>\n\t\t<\/div>\n\t\t\t\t<div class=\"elementor-column elementor-col-25 elementor-top-column elementor-element elementor-element-20c4516d elementor-invisible\" data-id=\"20c4516d\" data-element_type=\"column\" data-e-type=\"column\" data-settings=\"{&quot;animation&quot;:&quot;slideInDown&quot;}\">\n\t\t\t<div class=\"elementor-widget-wrap elementor-element-populated\">\n\t\t\t\t\t\t<div class=\"elementor-element elementor-element-4e0ea1e7 elementor-align-center elementor-widget elementor-widget-button\" data-id=\"4e0ea1e7\" data-element_type=\"widget\" data-e-type=\"widget\" data-widget_type=\"button.default\">\n\t\t\t\t<div class=\"elementor-widget-container\">\n\t\t\t\t\t\t\t\t\t<div class=\"elementor-button-wrapper\">\n\t\t\t\t\t<a class=\"elementor-button elementor-button-link elementor-size-sm\" href=\"\/fr\/contact\/\">\n\t\t\t\t\t\t<span class=\"elementor-button-content-wrapper\">\n\t\t\t\t\t\t\t\t\t<span class=\"elementor-button-text\">Contact<\/span>\n\t\t\t\t\t<\/span>\n\t\t\t\t\t<\/a>\n\t\t\t\t<\/div>\n\t\t\t\t\t\t\t\t<\/div>\n\t\t\t\t<\/div>\n\t\t\t\t\t<\/div>\n\t\t<\/div>\n\t\t\t\t<div class=\"elementor-column elementor-col-25 elementor-top-column elementor-element elementor-element-3d1a34c\" data-id=\"3d1a34c\" data-element_type=\"column\" data-e-type=\"column\">\n\t\t\t<div class=\"elementor-widget-wrap\">\n\t\t\t\t\t\t\t<\/div>\n\t\t<\/div>\n\t\t\t\t\t<\/div>\n\t\t<\/section>\n\t\t\t\t<\/div>\n\t\t","protected":false},"excerpt":{"rendered":"<p>March\u00e9s Sur les march\u00e9s les plus exigeants Nous sommes leaders dans la fabrication de pi\u00e8ces de 2 grs \u00e0 2,5 kgs. JULCAR HERRAJES a d\u00e9but\u00e9 en l&rsquo;an 2000, lorsque la vision du fondateur de l&rsquo;entreprise et de son d\u00e9partement commercial l&rsquo;a amen\u00e9 \u00e0 voir un secteur d&rsquo;activit\u00e9 qui pourrait \u00eatre rentable, en accord avec la [&hellip;]<\/p>\n","protected":false},"author":1,"featured_media":0,"parent":0,"menu_order":0,"comment_status":"closed","ping_status":"closed","template":"","meta":{"_seopress_robots_primary_cat":"","_seopress_titles_title":"","_seopress_titles_desc":"","_seopress_robots_index":"","site-sidebar-layout":"no-sidebar","site-content-layout":"page-builder","ast-site-content-layout":"default","site-content-style":"default","site-sidebar-style":"default","ast-global-header-display":"","ast-banner-title-visibility":"","ast-main-header-display":"","ast-hfb-above-header-display":"","ast-hfb-below-header-display":"","ast-hfb-mobile-header-display":"","site-post-title":"disabled","ast-breadcrumbs-content":"","ast-featured-img":"disabled","footer-sml-layout":"","ast-disable-related-posts":"","theme-transparent-header-meta":"enabled","adv-header-id-meta":"","stick-header-meta":"default","header-above-stick-meta":"","header-main-stick-meta":"","header-below-stick-meta":"","astra-migrate-meta-layouts":"default","ast-page-background-enabled":"default","ast-page-background-meta":{"desktop":{"background-color":"","background-image":"","background-repeat":"repeat","background-position":"center center","background-size":"auto","background-attachment":"scroll","background-type":"","background-media":"","overlay-type":"","overlay-color":"","overlay-opacity":"","overlay-gradient":""},"tablet":{"background-color":"","background-image":"","background-repeat":"repeat","background-position":"center center","background-size":"auto","background-attachment":"scroll","background-type":"","background-media":"","overlay-type":"","overlay-color":"","overlay-opacity":"","overlay-gradient":""},"mobile":{"background-color":"","background-image":"","background-repeat":"repeat","background-position":"center center","background-size":"auto","background-attachment":"scroll","background-type":"","background-media":"","overlay-type":"","overlay-color":"","overlay-opacity":"","overlay-gradient":""}},"ast-content-background-meta":{"desktop":{"background-color":"var(--ast-global-color-5)","background-image":"","background-repeat":"repeat","background-position":"center center","background-size":"auto","background-attachment":"scroll","background-type":"","background-media":"","overlay-type":"","overlay-color":"","overlay-opacity":"","overlay-gradient":""},"tablet":{"background-color":"var(--ast-global-color-5)","background-image":"","background-repeat":"repeat","background-position":"center center","background-size":"auto","background-attachment":"scroll","background-type":"","background-media":"","overlay-type":"","overlay-color":"","overlay-opacity":"","overlay-gradient":""},"mobile":{"background-color":"var(--ast-global-color-5)","background-image":"","background-repeat":"repeat","background-position":"center center","background-size":"auto","background-attachment":"scroll","background-type":"","background-media":"","overlay-type":"","overlay-color":"","overlay-opacity":"","overlay-gradient":""}},"footnotes":""},"class_list":["post-1560","page","type-page","status-publish","hentry"],"_links":{"self":[{"href":"https:\/\/www.julcarherrajes.com\/fr\/wp-json\/wp\/v2\/pages\/1560","targetHints":{"allow":["GET"]}}],"collection":[{"href":"https:\/\/www.julcarherrajes.com\/fr\/wp-json\/wp\/v2\/pages"}],"about":[{"href":"https:\/\/www.julcarherrajes.com\/fr\/wp-json\/wp\/v2\/types\/page"}],"author":[{"embeddable":true,"href":"https:\/\/www.julcarherrajes.com\/fr\/wp-json\/wp\/v2\/users\/1"}],"replies":[{"embeddable":true,"href":"https:\/\/www.julcarherrajes.com\/fr\/wp-json\/wp\/v2\/comments?post=1560"}],"version-history":[{"count":29,"href":"https:\/\/www.julcarherrajes.com\/fr\/wp-json\/wp\/v2\/pages\/1560\/revisions"}],"predecessor-version":[{"id":2787,"href":"https:\/\/www.julcarherrajes.com\/fr\/wp-json\/wp\/v2\/pages\/1560\/revisions\/2787"}],"wp:attachment":[{"href":"https:\/\/www.julcarherrajes.com\/fr\/wp-json\/wp\/v2\/media?parent=1560"}],"curies":[{"name":"wp","href":"https:\/\/api.w.org\/{rel}","templated":true}]}}