{"id":1574,"date":"2020-10-15T08:55:49","date_gmt":"2020-10-15T08:55:49","guid":{"rendered":"https:\/\/www.julcarherrajes.com\/?page_id=1574"},"modified":"2020-10-15T12:22:48","modified_gmt":"2020-10-15T12:22:48","slug":"avis-juridique","status":"publish","type":"page","link":"https:\/\/www.julcarherrajes.com\/fr\/avis-juridique\/","title":{"rendered":"Avis juridique"},"content":{"rendered":"\t\t<div data-elementor-type=\"wp-page\" data-elementor-id=\"1574\" class=\"elementor elementor-1574 elementor-952\">\n\t\t\t\t\t\t<section class=\"elementor-section elementor-top-section elementor-element elementor-element-fb12a4b elementor-section-full_width elementor-section-height-min-height elementor-section-height-default elementor-section-items-middle\" data-id=\"fb12a4b\" data-element_type=\"section\" data-e-type=\"section\" data-settings=\"{&quot;background_background&quot;:&quot;classic&quot;}\">\n\t\t\t\t\t\t<div class=\"elementor-container elementor-column-gap-default\">\n\t\t\t\t\t<div class=\"elementor-column elementor-col-100 elementor-top-column elementor-element elementor-element-43c843e\" data-id=\"43c843e\" data-element_type=\"column\" data-e-type=\"column\">\n\t\t\t<div class=\"elementor-widget-wrap elementor-element-populated\">\n\t\t\t\t\t\t<div class=\"elementor-element elementor-element-e0abb4b elementor-widget elementor-widget-heading\" data-id=\"e0abb4b\" data-element_type=\"widget\" data-e-type=\"widget\" data-widget_type=\"heading.default\">\n\t\t\t\t<div class=\"elementor-widget-container\">\n\t\t\t\t\t<h1 class=\"elementor-heading-title elementor-size-default\">AVIS JURIDIQUE<\/h1>\t\t\t\t<\/div>\n\t\t\t\t<\/div>\n\t\t\t\t\t<\/div>\n\t\t<\/div>\n\t\t\t\t\t<\/div>\n\t\t<\/section>\n\t\t\t\t<section class=\"elementor-section elementor-top-section elementor-element elementor-element-5fb09df elementor-section-boxed elementor-section-height-default elementor-section-height-default\" data-id=\"5fb09df\" data-element_type=\"section\" data-e-type=\"section\">\n\t\t\t\t\t\t<div class=\"elementor-container elementor-column-gap-default\">\n\t\t\t\t\t<div class=\"elementor-column elementor-col-100 elementor-top-column elementor-element elementor-element-3603651\" data-id=\"3603651\" data-element_type=\"column\" data-e-type=\"column\">\n\t\t\t<div class=\"elementor-widget-wrap elementor-element-populated\">\n\t\t\t\t\t\t<div class=\"elementor-element elementor-element-2fdbb38 elementor-widget elementor-widget-heading\" data-id=\"2fdbb38\" data-element_type=\"widget\" data-e-type=\"widget\" data-widget_type=\"heading.default\">\n\t\t\t\t<div class=\"elementor-widget-container\">\n\t\t\t\t\t<h3 class=\"elementor-heading-title elementor-size-default\">INFORMATIONS D'IDENTIFICATION<\/h3>\t\t\t\t<\/div>\n\t\t\t\t<\/div>\n\t\t\t\t<div class=\"elementor-element elementor-element-ac6b878 elementor-widget elementor-widget-text-editor\" data-id=\"ac6b878\" data-element_type=\"widget\" data-e-type=\"widget\" data-widget_type=\"text-editor.default\">\n\t\t\t\t<div class=\"elementor-widget-container\">\n\t\t\t\t\t\t\t\t\t<p>D\u00e9nomination sociale (nom commercial):<br \/>FUNDICIONES JULCAR, S.L.<br \/>Adresse de l&rsquo;entreprise (si\u00e8ge social):<br \/>Calle Valle de Mena 21 09001 BURGOS<br \/>T\u00e9l\u00e9phone : 947 29 80 87<br \/>E-mail : herrajes@julcar.com<br \/>Code d&rsquo;identification fiscale : B09313578<\/p>\n\t\t\t\t\t\t\t\t<\/div>\n\t\t\t\t<\/div>\n\t\t\t\t\t<\/div>\n\t\t<\/div>\n\t\t\t\t\t<\/div>\n\t\t<\/section>\n\t\t\t\t<section class=\"elementor-section elementor-top-section elementor-element elementor-element-40d1c0e elementor-section-boxed elementor-section-height-default elementor-section-height-default\" data-id=\"40d1c0e\" data-element_type=\"section\" data-e-type=\"section\">\n\t\t\t\t\t\t<div class=\"elementor-container elementor-column-gap-default\">\n\t\t\t\t\t<div class=\"elementor-column elementor-col-100 elementor-top-column elementor-element elementor-element-928e77f\" data-id=\"928e77f\" data-element_type=\"column\" data-e-type=\"column\">\n\t\t\t<div class=\"elementor-widget-wrap elementor-element-populated\">\n\t\t\t\t\t\t<div class=\"elementor-element elementor-element-16e7d40 elementor-widget elementor-widget-heading\" data-id=\"16e7d40\" data-element_type=\"widget\" data-e-type=\"widget\" data-widget_type=\"heading.default\">\n\t\t\t\t<div class=\"elementor-widget-container\">\n\t\t\t\t\t<h3 class=\"elementor-heading-title elementor-size-default\">Avis juridique<\/h3>\t\t\t\t<\/div>\n\t\t\t\t<\/div>\n\t\t\t\t<div class=\"elementor-element elementor-element-85632ca elementor-widget elementor-widget-text-editor\" data-id=\"85632ca\" data-element_type=\"widget\" data-e-type=\"widget\" data-widget_type=\"text-editor.default\">\n\t\t\t\t<div class=\"elementor-widget-container\">\n\t\t\t\t\t\t\t\t\t<p><strong>1\u00e8re ACCEPTATION DES CONDITIONS D&rsquo;UTILISATION<\/strong>br \/>La visite ou l&rsquo;acc\u00e8s \u00e0 ce site web est absolument volontaire, attribuant \u00e0 la personne qui y acc\u00e8de la condition d&rsquo;utilisateur. En tant qu&rsquo;utilisateur, en acc\u00e9dant \u00e0 ce site web, qui est la propri\u00e9t\u00e9 de FUNDICIONES JULCAR, S.L., vous acceptez d&rsquo;\u00eatre li\u00e9 par les pr\u00e9sentes conditions d&rsquo;utilisation, L&rsquo;entreprise est d\u00e9sormais tenue d&rsquo;accepter les conditions d&rsquo;utilisation qui sont en vigueur \u00e0 tout moment \u00e0 cette adresse, raison pour laquelle l&rsquo;utilisateur doit lire attentivement et accepter sans r\u00e9serve le pr\u00e9sent avis juridique avant d&rsquo;effectuer tout type d&rsquo;op\u00e9ration, de consultation, d&rsquo;utilisation, etc. avec ce site web.<\/p>\n<p><strong>2\u00ba MODIFICATIONS AU PR\u00c9SENT AVERTISSEMENT JURIDIQUE<\/strong>br \/>la soci\u00e9t\u00e9 se r\u00e9serve le droit de modifier le pr\u00e9sent avertissement afin de l&rsquo;adapter \u00e0 la nouvelle l\u00e9gislation ou jurisprudence ainsi qu&rsquo;aux modifications ou pratiques de la soci\u00e9t\u00e9. <br \/> Dans ce cas, une fois que la soci\u00e9t\u00e9 aura pris connaissance de la modification, elle communiquera au pr\u00e9alable les changements \u00e0 introduire dans le pr\u00e9sent avis juridique concernant les conditions g\u00e9n\u00e9rales d&rsquo;utilisation, la politique de protection des donn\u00e9es et les autres r\u00e9glementations applicables aux services de la soci\u00e9t\u00e9 de l&rsquo;information, ainsi que la date \u00e0 laquelle les changements commenceront \u00e0 prendre pleinement effet. <\/p>\n<p><strong>3\u00ba OBJECTIF>\/strong><br \/>l&rsquo;entreprise fournit aux utilisateurs des informations claires et gratuites sur les produits et services qu&rsquo;elle fournit \u00e0 ses clients, leurs caract\u00e9ristiques et des informations sur l&rsquo;entit\u00e9 elle-m\u00eame.<br \/>Le site web de l&rsquo;entreprise fournit des liens vers d&rsquo;autres pages, qui ne sont pas directement g\u00e9r\u00e9es par l&rsquo;entreprise, dont la fonction est de montrer le travail effectu\u00e9 par l&rsquo;entreprise. Ces liens proviennent d&rsquo;autres sources d&rsquo;information, n&rsquo;\u00e9tant pas inclus la recommandation, l&rsquo;invitation ou la suggestion de visiter les pages de destination et donc, compte tenu du fait que dans ces derni\u00e8res l&rsquo;entreprise ne peut pas contr\u00f4ler que le contenu, les informations et les liens sont accessibles depuis son site web, ni garantir qu&rsquo;ils sont complets et sans erreurs et mis \u00e0 jour \u00e0 tout moment. la soci\u00e9t\u00e9 d\u00e9cline toute responsabilit\u00e9 qui pourrait d\u00e9couler de l&rsquo;acc\u00e8s aux pages de tiers.<br \/> En visitant et en utilisant la soci\u00e9t\u00e9, vous acceptez le fait que son propri\u00e9taire se r\u00e9serve le droit de modifier ou de suspendre les pages disponibles, le site web, ou de supprimer temporairement ou d\u00e9finitivement les donn\u00e9es qu&rsquo;il a propos\u00e9es, \u00e0 tout moment, sans pr\u00e9avis et sans aucune responsabilit\u00e9 envers les utilisateurs. <br \/>Avec les limites \u00e9tablies par la loi, la soci\u00e9t\u00e9 n&rsquo;assume aucune responsabilit\u00e9 d\u00e9riv\u00e9e du manque d&rsquo;actualisation et d&rsquo;exactitude des donn\u00e9es ou des informations contenues dans ses pages Internet.<\/p>\n<p><strong>4\u00ba PROPRI\u00c9T\u00c9 INTELLECTUELLE<\/strong>br \/>L&rsquo;utilisateur comprend que tout le mat\u00e9riel et le contenu de la page : les textes, images, animations, logiciels et autres contenus inclus dans ce site web sont la propri\u00e9t\u00e9 exclusive de la soci\u00e9t\u00e9 ou de ses conc\u00e9dants, sauf ce qui est mentionn\u00e9 dans la section pr\u00e9c\u00e9dente concernant les hyperliens. <br \/> Par cons\u00e9quent, l&rsquo;utilisateur n&rsquo;est autoris\u00e9 \u00e0 visualiser tout le mat\u00e9riel et le contenu de cette page tel qu&rsquo;il est pr\u00e9sent\u00e9 et \u00e0 t\u00e9l\u00e9charger une copie du mat\u00e9riel sur un seul ordinateur pour un usage personnel et priv\u00e9, jamais \u00e0 des fins commerciales, \u00e0 condition que l&rsquo;utilisateur respecte toutes les r\u00e9glementations en mati\u00e8re de propri\u00e9t\u00e9 industrielle et intellectuelle. <br \/> la soci\u00e9t\u00e9 autorise l&rsquo;\u00e9tablissement de liens entre d&rsquo;autres sites web et le v\u00f4tre, \u00e0 condition que les conditions suivantes soient respect\u00e9es : <br \/>&#8211; qu&rsquo;il ne soit pas donn\u00e9 l&rsquo;impression qu&rsquo;une relation ou un lien commercial inexistant existe, y compris les relations de distribution, d&rsquo;agence ou de concession entre la soci\u00e9t\u00e9 et les titulaires, les responsables ou les annonceurs \u00e0 partir desquels le lien est cr\u00e9\u00e9;<br \/>&#8211; qu&rsquo;il ne soit pas donn\u00e9 l&rsquo;impression que les contenus ou le site web de la soci\u00e9t\u00e9 appartiennent ou ont \u00e9t\u00e9 con\u00e7us par les titulaires, les responsables ou les annonceurs du site web \u00e0 partir duquel le lien est \u00e9tabli ; <br \/>&#8211; que l&rsquo;on ne propose pas une image de l&rsquo;entreprise ou de ses produits qui soit d\u00e9form\u00e9e, hilarante, nuisible, diffamatoire ou erron\u00e9e ; et <br \/>&#8211; que le lien n&rsquo;est pas \u00e9tabli \u00e0 partir d&rsquo;un site dont le contenu est contraire \u00e0 la loi, aux bonnes m\u0153urs et \u00e0 l&rsquo;ordre public, y compris ceux qui comportent des contenus pornographiques, x\u00e9nophobes, violents, criminels ou illicites. <\/p>\n<p><strong>5\u00ba UTILISATION DU SERVICE ET RESPONSABILIT\u00c9S<\/strong><br \/>Les conditions d&rsquo;acc\u00e8s et d&rsquo;utilisation de ce site web sont strictement r\u00e9gies par la l\u00e9gislation en vigueur et par le principe de bonne foi et l&rsquo;utilisateur s&rsquo;engage \u00e0 faire bon usage du site web et des services offerts. <br \/> Tous les actes qui violent la l\u00e9galit\u00e9, les droits ou les int\u00e9r\u00eats de tiers sont interdits, en interdisant express\u00e9ment : <br \/> l&rsquo;ex\u00e9cution d&rsquo;actions susceptibles de produire sur le web ou par son interm\u00e9diaire et par tout moyen une sorte de dommage aux syst\u00e8mes de l&rsquo;entreprise ou de tiers,<br \/> l&rsquo;ex\u00e9cution de publicit\u00e9 ou d&rsquo;informations commerciales directement ou secr\u00e8tement le spam (envoi de mailings en masse) ou l&rsquo;envoi de messages volumineux afin de bloquer les serveurs du r\u00e9seau (mail bombing). <br \/>la soci\u00e9t\u00e9 ne peut assumer aucune responsabilit\u00e9 d\u00e9coulant de l&rsquo;utilisation incorrecte, inappropri\u00e9e ou illicite des informations qui figurent sur les pages Internet de la soci\u00e9t\u00e9. <br \/> la soci\u00e9t\u00e9 d\u00e9cline toute responsabilit\u00e9 dans le cas o\u00f9 l&rsquo;acc\u00e8s ou les visites de son site web seraient impossibles ou difficiles en raison d&rsquo;une interruption ou d&rsquo;un d\u00e9faut de fourniture de l&rsquo;alimentation \u00e9lectrique ou t\u00e9l\u00e9phonique ou d&rsquo;autres fournisseurs de t\u00e9l\u00e9communications non li\u00e9s \u00e0 la soci\u00e9t\u00e9, ou en cas de conflits sociaux ou autres cas de force majeure, ou de toute action d&rsquo;un tiers, y compris des exigences ou ordres administratifs ou judiciaires, de sabotage ou de saturation, qu&rsquo;elle soit intentionnelle ou non. <br \/>Il d\u00e9cline \u00e9galement toute responsabilit\u00e9 d\u00e9riv\u00e9e des dommages que le visiteur pourrait subir dans son ordinateur ou ses moyens t\u00e9l\u00e9matiques suite \u00e0 la production de l&rsquo;une des circonstances pr\u00e9c\u00e9demment expos\u00e9es.<\/p>\n<p><strong>6\u00ba JURIDICTION ET LOI APPLICABLE<\/strong>br \/>Le pr\u00e9sent avertissement l\u00e9gal et les conditions g\u00e9n\u00e9rales sont r\u00e9gis par la l\u00e9gislation espagnole. L&rsquo;utilisateur accepte les pr\u00e9sentes conditions d&rsquo;utilisation, et tout litige relatif \u00e0 l&rsquo;utilisation de ce site Web sera interpr\u00e9t\u00e9 conform\u00e9ment aux lois en vigueur au lieu de r\u00e9sidence du propri\u00e9taire de ce site Web, ayant comp\u00e9tence pour la r\u00e9solution de tout litige ou conflit qui pourrait survenir les Cours et Tribunaux comp\u00e9tents sur le territoire espagnol, l&rsquo;utilisateur renon\u00e7ant express\u00e9ment \u00e0 toute autre juridiction.<\/p>\n\t\t\t\t\t\t\t\t<\/div>\n\t\t\t\t<\/div>\n\t\t\t\t\t<\/div>\n\t\t<\/div>\n\t\t\t\t\t<\/div>\n\t\t<\/section>\n\t\t\t\t<\/div>\n\t\t","protected":false},"excerpt":{"rendered":"<p>AVIS JURIDIQUE INFORMATIONS D&rsquo;IDENTIFICATION D\u00e9nomination sociale (nom commercial):FUNDICIONES JULCAR, S.L.Adresse de l&rsquo;entreprise (si\u00e8ge social):Calle Valle de Mena 21 09001 BURGOST\u00e9l\u00e9phone : 947 29 80 87E-mail : herrajes@julcar.comCode d&rsquo;identification fiscale : B09313578 Avis juridique 1\u00e8re ACCEPTATION DES CONDITIONS D&rsquo;UTILISATIONbr \/>La visite ou l&rsquo;acc\u00e8s \u00e0 ce site web est absolument volontaire, attribuant \u00e0 la personne qui y [&hellip;]<\/p>\n","protected":false},"author":1,"featured_media":0,"parent":0,"menu_order":0,"comment_status":"closed","ping_status":"closed","template":"","meta":{"_seopress_robots_primary_cat":"","_seopress_titles_title":"","_seopress_titles_desc":"","_seopress_robots_index":"","site-sidebar-layout":"no-sidebar","site-content-layout":"page-builder","ast-site-content-layout":"default","site-content-style":"default","site-sidebar-style":"default","ast-global-header-display":"","ast-banner-title-visibility":"","ast-main-header-display":"","ast-hfb-above-header-display":"","ast-hfb-below-header-display":"","ast-hfb-mobile-header-display":"","site-post-title":"disabled","ast-breadcrumbs-content":"","ast-featured-img":"disabled","footer-sml-layout":"","ast-disable-related-posts":"","theme-transparent-header-meta":"default","adv-header-id-meta":"","stick-header-meta":"","header-above-stick-meta":"","header-main-stick-meta":"","header-below-stick-meta":"","astra-migrate-meta-layouts":"default","ast-page-background-enabled":"default","ast-page-background-meta":{"desktop":{"background-color":"","background-image":"","background-repeat":"repeat","background-position":"center center","background-size":"auto","background-attachment":"scroll","background-type":"","background-media":"","overlay-type":"","overlay-color":"","overlay-opacity":"","overlay-gradient":""},"tablet":{"background-color":"","background-image":"","background-repeat":"repeat","background-position":"center center","background-size":"auto","background-attachment":"scroll","background-type":"","background-media":"","overlay-type":"","overlay-color":"","overlay-opacity":"","overlay-gradient":""},"mobile":{"background-color":"","background-image":"","background-repeat":"repeat","background-position":"center center","background-size":"auto","background-attachment":"scroll","background-type":"","background-media":"","overlay-type":"","overlay-color":"","overlay-opacity":"","overlay-gradient":""}},"ast-content-background-meta":{"desktop":{"background-color":"var(--ast-global-color-5)","background-image":"","background-repeat":"repeat","background-position":"center center","background-size":"auto","background-attachment":"scroll","background-type":"","background-media":"","overlay-type":"","overlay-color":"","overlay-opacity":"","overlay-gradient":""},"tablet":{"background-color":"var(--ast-global-color-5)","background-image":"","background-repeat":"repeat","background-position":"center center","background-size":"auto","background-attachment":"scroll","background-type":"","background-media":"","overlay-type":"","overlay-color":"","overlay-opacity":"","overlay-gradient":""},"mobile":{"background-color":"var(--ast-global-color-5)","background-image":"","background-repeat":"repeat","background-position":"center center","background-size":"auto","background-attachment":"scroll","background-type":"","background-media":"","overlay-type":"","overlay-color":"","overlay-opacity":"","overlay-gradient":""}},"footnotes":""},"class_list":["post-1574","page","type-page","status-publish","hentry"],"_links":{"self":[{"href":"https:\/\/www.julcarherrajes.com\/fr\/wp-json\/wp\/v2\/pages\/1574","targetHints":{"allow":["GET"]}}],"collection":[{"href":"https:\/\/www.julcarherrajes.com\/fr\/wp-json\/wp\/v2\/pages"}],"about":[{"href":"https:\/\/www.julcarherrajes.com\/fr\/wp-json\/wp\/v2\/types\/page"}],"author":[{"embeddable":true,"href":"https:\/\/www.julcarherrajes.com\/fr\/wp-json\/wp\/v2\/users\/1"}],"replies":[{"embeddable":true,"href":"https:\/\/www.julcarherrajes.com\/fr\/wp-json\/wp\/v2\/comments?post=1574"}],"version-history":[{"count":9,"href":"https:\/\/www.julcarherrajes.com\/fr\/wp-json\/wp\/v2\/pages\/1574\/revisions"}],"predecessor-version":[{"id":1721,"href":"https:\/\/www.julcarherrajes.com\/fr\/wp-json\/wp\/v2\/pages\/1574\/revisions\/1721"}],"wp:attachment":[{"href":"https:\/\/www.julcarherrajes.com\/fr\/wp-json\/wp\/v2\/media?parent=1574"}],"curies":[{"name":"wp","href":"https:\/\/api.w.org\/{rel}","templated":true}]}}