{"id":1425,"date":"2020-10-05T11:15:14","date_gmt":"2020-10-05T11:15:14","guid":{"rendered":"https:\/\/www.julcarherrajes.com\/producto\/poignee-cerrato\/"},"modified":"2020-11-03T11:50:08","modified_gmt":"2020-11-03T11:50:08","slug":"poignee-cerrato","status":"publish","type":"product","link":"https:\/\/www.julcarherrajes.com\/fr\/produit\/poignee-cerrato\/","title":{"rendered":"Jeu de poign\u00e9es Cerrato"},"content":{"rendered":"","protected":false},"excerpt":{"rendered":"<p>Valable pour tout profil\u00e9 en aluminium, utilis\u00e9 pour les portes d&rsquo;acc\u00e8s ou le passage de la maison, les lignes droites, les angles ferm\u00e9s, la beaut\u00e9 et la r\u00e9sistance enti\u00e8rement en aluminium. Habillage avec un large \u00e9ventail de finitions disponibles (peinture \u00e9poxy RAL, bain galvanique, etc.). Dans notre gamme, la poign\u00e9e CERRATO se caract\u00e9rise par son corps en aluminium, sa poign\u00e9e en aluminium et ses pi\u00e8ces internes en zamak, nylon et pp, et bien s\u00fbr, ses vis en acier inoxydable. Car la qualit\u00e9 d\u00e9pend des petits d\u00e9tails.<\/p>\n","protected":false},"featured_media":1427,"template":"","meta":{"_seopress_robots_primary_cat":"","_seopress_titles_title":"","_seopress_titles_desc":"","_seopress_robots_index":"","site-sidebar-layout":"default","site-content-layout":"default","ast-site-content-layout":"default","site-content-style":"default","site-sidebar-style":"default","ast-global-header-display":"","ast-banner-title-visibility":"","ast-main-header-display":"","ast-hfb-above-header-display":"","ast-hfb-below-header-display":"","ast-hfb-mobile-header-display":"","site-post-title":"","ast-breadcrumbs-content":"","ast-featured-img":"","footer-sml-layout":"","ast-disable-related-posts":"","theme-transparent-header-meta":"default","adv-header-id-meta":"","stick-header-meta":"default","header-above-stick-meta":"","header-main-stick-meta":"","header-below-stick-meta":"","astra-migrate-meta-layouts":"default","ast-page-background-enabled":"default","ast-page-background-meta":{"desktop":{"background-color":"","background-image":"","background-repeat":"repeat","background-position":"center center","background-size":"auto","background-attachment":"scroll","background-type":"","background-media":"","overlay-type":"","overlay-color":"","overlay-opacity":"","overlay-gradient":""},"tablet":{"background-color":"","background-image":"","background-repeat":"repeat","background-position":"center center","background-size":"auto","background-attachment":"scroll","background-type":"","background-media":"","overlay-type":"","overlay-color":"","overlay-opacity":"","overlay-gradient":""},"mobile":{"background-color":"","background-image":"","background-repeat":"repeat","background-position":"center center","background-size":"auto","background-attachment":"scroll","background-type":"","background-media":"","overlay-type":"","overlay-color":"","overlay-opacity":"","overlay-gradient":""}},"ast-content-background-meta":{"desktop":{"background-color":"var(--ast-global-color-5)","background-image":"","background-repeat":"repeat","background-position":"center center","background-size":"auto","background-attachment":"scroll","background-type":"","background-media":"","overlay-type":"","overlay-color":"","overlay-opacity":"","overlay-gradient":""},"tablet":{"background-color":"var(--ast-global-color-5)","background-image":"","background-repeat":"repeat","background-position":"center center","background-size":"auto","background-attachment":"scroll","background-type":"","background-media":"","overlay-type":"","overlay-color":"","overlay-opacity":"","overlay-gradient":""},"mobile":{"background-color":"var(--ast-global-color-5)","background-image":"","background-repeat":"repeat","background-position":"center center","background-size":"auto","background-attachment":"scroll","background-type":"","background-media":"","overlay-type":"","overlay-color":"","overlay-opacity":"","overlay-gradient":""}}},"product_brand":[],"product_cat":[164],"product_tag":[],"class_list":{"0":"post-1425","1":"product","2":"type-product","3":"status-publish","4":"has-post-thumbnail","6":"product_cat-poignees","7":"desktop-align-left","8":"tablet-align-left","9":"mobile-align-left","10":"ast-product-gallery-layout-horizontal-slider","11":"ast-product-tabs-layout-horizontal","13":"first","14":"instock","15":"shipping-taxable","16":"product-type-simple"},"_links":{"self":[{"href":"https:\/\/www.julcarherrajes.com\/fr\/wp-json\/wp\/v2\/product\/1425","targetHints":{"allow":["GET"]}}],"collection":[{"href":"https:\/\/www.julcarherrajes.com\/fr\/wp-json\/wp\/v2\/product"}],"about":[{"href":"https:\/\/www.julcarherrajes.com\/fr\/wp-json\/wp\/v2\/types\/product"}],"version-history":[{"count":1,"href":"https:\/\/www.julcarherrajes.com\/fr\/wp-json\/wp\/v2\/product\/1425\/revisions"}],"predecessor-version":[{"id":2040,"href":"https:\/\/www.julcarherrajes.com\/fr\/wp-json\/wp\/v2\/product\/1425\/revisions\/2040"}],"wp:featuredmedia":[{"embeddable":true,"href":"https:\/\/www.julcarherrajes.com\/fr\/wp-json\/wp\/v2\/media\/1427"}],"wp:attachment":[{"href":"https:\/\/www.julcarherrajes.com\/fr\/wp-json\/wp\/v2\/media?parent=1425"}],"wp:term":[{"taxonomy":"product_brand","embeddable":true,"href":"https:\/\/www.julcarherrajes.com\/fr\/wp-json\/wp\/v2\/product_brand?post=1425"},{"taxonomy":"product_cat","embeddable":true,"href":"https:\/\/www.julcarherrajes.com\/fr\/wp-json\/wp\/v2\/product_cat?post=1425"},{"taxonomy":"product_tag","embeddable":true,"href":"https:\/\/www.julcarherrajes.com\/fr\/wp-json\/wp\/v2\/product_tag?post=1425"}],"curies":[{"name":"wp","href":"https:\/\/api.w.org\/{rel}","templated":true}]}}