{"id":1436,"date":"2020-10-05T11:08:17","date_gmt":"2020-10-05T11:08:17","guid":{"rendered":"https:\/\/www.julcarherrajes.com\/producto\/poignee-de-bouclier-narejo\/"},"modified":"2020-11-03T11:55:33","modified_gmt":"2020-11-03T11:55:33","slug":"poignee-de-bouclier-narejo","status":"publish","type":"product","link":"https:\/\/www.julcarherrajes.com\/fr\/produit\/poignee-de-bouclier-narejo\/","title":{"rendered":"Jeu de poign\u00e9es de bouclier Narejo"},"content":{"rendered":"","protected":false},"excerpt":{"rendered":"<p>Valable pour tout profil\u00e9 en aluminium, utilis\u00e9 dans les portes d&rsquo;acc\u00e8s de la maison, assemblage par l&rsquo;avant pour gagner du temps et faux trous des monteurs, avec trou de serrure pour l&rsquo;assemblage de la serrure, lignes courbes, angles ouverts, beaut\u00e9 et r\u00e9sistance en aluminium et zamak. Habillage avec un large \u00e9ventail de finitions disponibles (peinture \u00e9poxy RAL, bain galvanique, etc.). Dans notre gamme, le poign\u00e9e de bouclier NAREJO se caract\u00e9rise par son corps en zamak, sa poign\u00e9e en aluminium, et ses parties internes en zamak, nylon et pp, et bien s\u00fbr, ses vis en acier inoxydable. Car le soin apport\u00e9 \u00e0 la qualit\u00e9 d\u00e9pend des petits d\u00e9tails.<\/p>\n","protected":false},"featured_media":1437,"template":"","meta":{"_seopress_robots_primary_cat":"","_seopress_titles_title":"","_seopress_titles_desc":"","_seopress_robots_index":"","site-sidebar-layout":"default","site-content-layout":"default","ast-site-content-layout":"default","site-content-style":"default","site-sidebar-style":"default","ast-global-header-display":"","ast-banner-title-visibility":"","ast-main-header-display":"","ast-hfb-above-header-display":"","ast-hfb-below-header-display":"","ast-hfb-mobile-header-display":"","site-post-title":"","ast-breadcrumbs-content":"","ast-featured-img":"","footer-sml-layout":"","ast-disable-related-posts":"","theme-transparent-header-meta":"default","adv-header-id-meta":"","stick-header-meta":"default","header-above-stick-meta":"","header-main-stick-meta":"","header-below-stick-meta":"","astra-migrate-meta-layouts":"default","ast-page-background-enabled":"default","ast-page-background-meta":{"desktop":{"background-color":"","background-image":"","background-repeat":"repeat","background-position":"center center","background-size":"auto","background-attachment":"scroll","background-type":"","background-media":"","overlay-type":"","overlay-color":"","overlay-opacity":"","overlay-gradient":""},"tablet":{"background-color":"","background-image":"","background-repeat":"repeat","background-position":"center center","background-size":"auto","background-attachment":"scroll","background-type":"","background-media":"","overlay-type":"","overlay-color":"","overlay-opacity":"","overlay-gradient":""},"mobile":{"background-color":"","background-image":"","background-repeat":"repeat","background-position":"center center","background-size":"auto","background-attachment":"scroll","background-type":"","background-media":"","overlay-type":"","overlay-color":"","overlay-opacity":"","overlay-gradient":""}},"ast-content-background-meta":{"desktop":{"background-color":"var(--ast-global-color-5)","background-image":"","background-repeat":"repeat","background-position":"center center","background-size":"auto","background-attachment":"scroll","background-type":"","background-media":"","overlay-type":"","overlay-color":"","overlay-opacity":"","overlay-gradient":""},"tablet":{"background-color":"var(--ast-global-color-5)","background-image":"","background-repeat":"repeat","background-position":"center center","background-size":"auto","background-attachment":"scroll","background-type":"","background-media":"","overlay-type":"","overlay-color":"","overlay-opacity":"","overlay-gradient":""},"mobile":{"background-color":"var(--ast-global-color-5)","background-image":"","background-repeat":"repeat","background-position":"center center","background-size":"auto","background-attachment":"scroll","background-type":"","background-media":"","overlay-type":"","overlay-color":"","overlay-opacity":"","overlay-gradient":""}}},"product_brand":[],"product_cat":[164],"product_tag":[],"class_list":{"0":"post-1436","1":"product","2":"type-product","3":"status-publish","4":"has-post-thumbnail","6":"product_cat-poignees","7":"desktop-align-left","8":"tablet-align-left","9":"mobile-align-left","10":"ast-product-gallery-layout-horizontal-slider","11":"ast-product-gallery-with-no-image","12":"ast-product-tabs-layout-horizontal","14":"first","15":"instock","16":"shipping-taxable","17":"product-type-simple"},"_links":{"self":[{"href":"https:\/\/www.julcarherrajes.com\/fr\/wp-json\/wp\/v2\/product\/1436","targetHints":{"allow":["GET"]}}],"collection":[{"href":"https:\/\/www.julcarherrajes.com\/fr\/wp-json\/wp\/v2\/product"}],"about":[{"href":"https:\/\/www.julcarherrajes.com\/fr\/wp-json\/wp\/v2\/types\/product"}],"version-history":[{"count":1,"href":"https:\/\/www.julcarherrajes.com\/fr\/wp-json\/wp\/v2\/product\/1436\/revisions"}],"predecessor-version":[{"id":2049,"href":"https:\/\/www.julcarherrajes.com\/fr\/wp-json\/wp\/v2\/product\/1436\/revisions\/2049"}],"wp:featuredmedia":[{"embeddable":true,"href":"https:\/\/www.julcarherrajes.com\/fr\/wp-json\/wp\/v2\/media\/1437"}],"wp:attachment":[{"href":"https:\/\/www.julcarherrajes.com\/fr\/wp-json\/wp\/v2\/media?parent=1436"}],"wp:term":[{"taxonomy":"product_brand","embeddable":true,"href":"https:\/\/www.julcarherrajes.com\/fr\/wp-json\/wp\/v2\/product_brand?post=1436"},{"taxonomy":"product_cat","embeddable":true,"href":"https:\/\/www.julcarherrajes.com\/fr\/wp-json\/wp\/v2\/product_cat?post=1436"},{"taxonomy":"product_tag","embeddable":true,"href":"https:\/\/www.julcarherrajes.com\/fr\/wp-json\/wp\/v2\/product_tag?post=1436"}],"curies":[{"name":"wp","href":"https:\/\/api.w.org\/{rel}","templated":true}]}}