{"id":2570,"date":"2020-11-17T15:37:18","date_gmt":"2020-11-17T15:39:51","guid":{"rendered":"https:\/\/www.julcarherrajes.com\/?post_type=product&#038;p=2570"},"modified":"2020-11-17T15:39:51","modified_gmt":"2020-11-17T15:39:51","slug":"verrouillage-du-bouton-poussoir-central-muletilla","status":"publish","type":"product","link":"https:\/\/www.julcarherrajes.com\/fr\/produit\/verrouillage-du-bouton-poussoir-central-muletilla\/","title":{"rendered":"Verrouillage du bouton poussoir central Muletilla"},"content":{"rendered":"","protected":false},"excerpt":{"rendered":"<p>Dans notre gamme de serrures, un accessoire indispensable pour fermer nos portes et fen\u00eatres coulissantes, avec une esth\u00e9tique plus soign\u00e9e en ayant la serrure encastr\u00e9e dans le profil. Le VERROUILLAGE CENTRAL DU BOUTON-POUSSOIR MULETILLA se caract\u00e9rise par son corps m\u00e9tallique de r\u00e9sistance \u00e0 l&rsquo;usure contrast\u00e9e et par l&rsquo;utilisation d&rsquo;une garniture ext\u00e9rieure noir\/blanc. Car la qualit\u00e9 d\u00e9pend des petits d\u00e9tails.<\/p>\n","protected":false},"featured_media":2566,"template":"","meta":{"_seopress_robots_primary_cat":"","_seopress_titles_title":"","_seopress_titles_desc":"","_seopress_robots_index":"","site-sidebar-layout":"default","site-content-layout":"default","ast-site-content-layout":"default","site-content-style":"default","site-sidebar-style":"default","ast-global-header-display":"","ast-banner-title-visibility":"","ast-main-header-display":"","ast-hfb-above-header-display":"","ast-hfb-below-header-display":"","ast-hfb-mobile-header-display":"","site-post-title":"","ast-breadcrumbs-content":"","ast-featured-img":"","footer-sml-layout":"","ast-disable-related-posts":"","theme-transparent-header-meta":"default","adv-header-id-meta":"","stick-header-meta":"default","header-above-stick-meta":"","header-main-stick-meta":"","header-below-stick-meta":"","astra-migrate-meta-layouts":"default","ast-page-background-enabled":"default","ast-page-background-meta":{"desktop":{"background-color":"","background-image":"","background-repeat":"repeat","background-position":"center center","background-size":"auto","background-attachment":"scroll","background-type":"","background-media":"","overlay-type":"","overlay-color":"","overlay-opacity":"","overlay-gradient":""},"tablet":{"background-color":"","background-image":"","background-repeat":"repeat","background-position":"center center","background-size":"auto","background-attachment":"scroll","background-type":"","background-media":"","overlay-type":"","overlay-color":"","overlay-opacity":"","overlay-gradient":""},"mobile":{"background-color":"","background-image":"","background-repeat":"repeat","background-position":"center center","background-size":"auto","background-attachment":"scroll","background-type":"","background-media":"","overlay-type":"","overlay-color":"","overlay-opacity":"","overlay-gradient":""}},"ast-content-background-meta":{"desktop":{"background-color":"var(--ast-global-color-5)","background-image":"","background-repeat":"repeat","background-position":"center center","background-size":"auto","background-attachment":"scroll","background-type":"","background-media":"","overlay-type":"","overlay-color":"","overlay-opacity":"","overlay-gradient":""},"tablet":{"background-color":"var(--ast-global-color-5)","background-image":"","background-repeat":"repeat","background-position":"center center","background-size":"auto","background-attachment":"scroll","background-type":"","background-media":"","overlay-type":"","overlay-color":"","overlay-opacity":"","overlay-gradient":""},"mobile":{"background-color":"var(--ast-global-color-5)","background-image":"","background-repeat":"repeat","background-position":"center center","background-size":"auto","background-attachment":"scroll","background-type":"","background-media":"","overlay-type":"","overlay-color":"","overlay-opacity":"","overlay-gradient":""}}},"product_brand":[],"product_cat":[120],"product_tag":[],"class_list":{"0":"post-2570","1":"product","2":"type-product","3":"status-publish","4":"has-post-thumbnail","6":"product_cat-verrous","7":"desktop-align-left","8":"tablet-align-left","9":"mobile-align-left","10":"ast-product-gallery-layout-horizontal-slider","11":"ast-product-gallery-with-no-image","12":"ast-product-tabs-layout-horizontal","14":"first","15":"instock","16":"shipping-taxable","17":"product-type-simple"},"_links":{"self":[{"href":"https:\/\/www.julcarherrajes.com\/fr\/wp-json\/wp\/v2\/product\/2570","targetHints":{"allow":["GET"]}}],"collection":[{"href":"https:\/\/www.julcarherrajes.com\/fr\/wp-json\/wp\/v2\/product"}],"about":[{"href":"https:\/\/www.julcarherrajes.com\/fr\/wp-json\/wp\/v2\/types\/product"}],"version-history":[{"count":1,"href":"https:\/\/www.julcarherrajes.com\/fr\/wp-json\/wp\/v2\/product\/2570\/revisions"}],"predecessor-version":[{"id":2571,"href":"https:\/\/www.julcarherrajes.com\/fr\/wp-json\/wp\/v2\/product\/2570\/revisions\/2571"}],"wp:featuredmedia":[{"embeddable":true,"href":"https:\/\/www.julcarherrajes.com\/fr\/wp-json\/wp\/v2\/media\/2566"}],"wp:attachment":[{"href":"https:\/\/www.julcarherrajes.com\/fr\/wp-json\/wp\/v2\/media?parent=2570"}],"wp:term":[{"taxonomy":"product_brand","embeddable":true,"href":"https:\/\/www.julcarherrajes.com\/fr\/wp-json\/wp\/v2\/product_brand?post=2570"},{"taxonomy":"product_cat","embeddable":true,"href":"https:\/\/www.julcarherrajes.com\/fr\/wp-json\/wp\/v2\/product_cat?post=2570"},{"taxonomy":"product_tag","embeddable":true,"href":"https:\/\/www.julcarherrajes.com\/fr\/wp-json\/wp\/v2\/product_tag?post=2570"}],"curies":[{"name":"wp","href":"https:\/\/api.w.org\/{rel}","templated":true}]}}